{"id":1181,"date":"2024-07-19T19:14:54","date_gmt":"2024-07-19T17:14:54","guid":{"rendered":"http:\/\/www.moonyounhee.com\/corpo\/?page_id=1181"},"modified":"2024-09-05T09:47:34","modified_gmt":"2024-09-05T07:47:34","slug":"kundeninfo-2","status":"publish","type":"page","link":"https:\/\/www.corpo.at\/corpo\/kundeninfo-2\/","title":{"rendered":"Kundeninfo"},"content":{"rendered":"\n<div class=\"wp-block-media-text alignfull is-stacked-on-mobile is-vertically-aligned-top\" style=\"grid-template-columns:35% auto\"><figure class=\"wp-block-media-text__media\"><img loading=\"lazy\" decoding=\"async\" width=\"472\" height=\"472\" src=\"https:\/\/www.corpo.at\/corpo\/wp-content\/uploads\/2024\/07\/gutschein2018out2.jpg\" alt=\"\" class=\"wp-image-1134 size-full\" srcset=\"https:\/\/www.corpo.at\/corpo\/wp-content\/uploads\/2024\/07\/gutschein2018out2.jpg 472w, https:\/\/www.corpo.at\/corpo\/wp-content\/uploads\/2024\/07\/gutschein2018out2-300x300.jpg 300w, https:\/\/www.corpo.at\/corpo\/wp-content\/uploads\/2024\/07\/gutschein2018out2-150x150.jpg 150w\" sizes=\"auto, (max-width: 472px) 100vw, 472px\" \/><\/figure><div class=\"wp-block-media-text__content\">\n<p><strong>Das sollten Sie mitbringen:<\/strong><\/p>\n\n\n\n<p>Zu Therapiebeginn bringen Sie bitte die \u00c4rztliche verordnung und falls vorhanden Befunde (aktuelle R\u00f6ntgenbilder )&nbsp; sowie wenn m\u00f6glich einen Handtuch.<\/p>\n\n\n\n<p><strong>Terminvereinbarung:<\/strong><br>Twalib Fabian 06603488012 oder Mail <a href=\"mailto:office@corpo.at\">office@corpo.at<\/a><\/p>\n\n\n\n<p>Falls ich Ihren Anruf nicht pers\u00f6nlich entgegen nehmen kann,&nbsp; rufe ich Sie falls Tel. Nummer bekannt verl\u00e4sslich zur\u00fcck.<\/p>\n\n\n\n<p><strong>Bitte beachten Sie, dass ich Ihre Termine f\u00fcr Sie reserviert halten und daher Termine, die nicht 24 Stunden vorher abgesagt werden in Rechnung stellen muss.<\/strong><\/p>\n\n\n\n<p><strong>Wie l\u00e4uft eine Behandlung ab?<\/strong><\/p>\n\n\n\n<p><strong>Symptomatik\/Gesundheitsdaten<\/strong><\/p>\n\n\n\n<p>Sie zeigen mir die mitgebrachte Verordnung, Befunde und schildern mir aus Ihrer Sicht die Beschwerden.<\/p>\n\n\n\n<p><strong>Analyse\/Palpation<\/strong><\/p>\n\n\n\n<p>Es folgt die Erkennung und Lokalisierung von Ursachen als Ausl\u00f6ser Ihrer Beschwerden.<\/p>\n\n\n\n<p>Eine Behandlung bedeutet immer einen Lernprozess f\u00fcr den K\u00f6rper. Abh\u00e4ngig von der bisherigen Dauer und Schwere Ihrer Beschwerden, variiert die Anzahl der Behandungen und die L\u00e4nge der Betreuung.<\/p>\n\n\n\n<p>In den meisten F\u00e4llen sind vier bis f\u00fcnf Termine n\u00f6tig, um abzusehen, wie schnell der K\u00f6rper auf die Behandlung reagiert. Oft tirtt&nbsp; schon nach dem ersten Mal eine deutliche Verbesserung ein.<\/p>\n\n\n\n<p><strong>Was kann man zus\u00e4tzlich tun?<\/strong><\/p>\n\n\n\n<p>Kommen Sie Ihren Symptomen zuvor und vereinbaren Sie in regelm\u00e4\u00dfigen Abst\u00e4nden einen Termin sodass die Beschwerden gar nicht erst entstehen. Zus\u00e4tzlich zu Massagen sollte R\u00fcckengymnastik und physiotherapeutische \u00dcbungen durchgef\u00fchrt werden.<\/p>\n\n\n\n<p>Bewegung und Vermeidung von physischen Stress, emotionalen Stress (zwischenmenschliche Beziehungen), und chemischen Stress (von Substanzen die Sie dem K\u00f6rper zuf\u00fchren oder denen der K\u00f6rper ausgesetzt ist).<\/p>\n\n\n\n<p><strong>Kosten\u00fcbernahme:<\/strong><\/p>\n\n\n\n<p><strong>eine Abrechung mit der Krankenkasse ist m\u00f6glich doch dazu ben\u00f6tigen Sie eine Zuweisung vom Arzt<\/strong><\/p>\n\n\n\n<p>Um mit Ihre Behandlung zu beginnen, ben\u00f6tigen sie eine \u00e4rztliche Verordnung von Ihrem Allgemeinmediziner, Facharzt oder Spitalsarzt. Diese Verordnung sollten Sie&nbsp;<strong>vor der Therapie chef\u00e4rztlich von Ihrer Krankenkasse bewilligen lassen<\/strong> (Dies ist pers\u00f6nlich, per Post, per Fax und auch per Email\/<strong>online<\/strong> m\u00f6glich).&nbsp;Sp\u00e4testens jedoch 2 Wochen nach Ausstellungsdatum, da danach die Verordnung ung\u00fcltig ist. Bitte die verordnug zu Ihrem Ersttermin mitbringen.<\/p>\n\n\n\n<p>Am Ende der Therapie erhalten Sie von mir eine Sammelrechnung, die Sie zusammen mit Ihrer Verordnung an Ihrer Krankenkasse schicken. Gem\u00e4\u00df den Tarifbestimmungen Ihrer Krankenkasse erhalten sie einen Teil Ihrer Therapiekosten zur\u00fcckerstattet.<\/p>\n\n\n\n<p>N\u00e4here Informationen erhalten Sie direkt bei Ihrer Krankenkasse.<br><br>WGKK-Informationsblatt: <a href=\"https:\/\/www.wgkk.at\/cdscontent\/load?contentid=10008.594861&amp;version=1484746036\" target=\"_blank\" rel=\"noreferrer noopener\">www.wgkk.at<\/a><\/p>\n\n\n\n<p>Wenn Sie zus\u00e4tzlich versichert sind haben Sie au\u00dferdem die M\u00f6glichkeit, einen weiteren Teil der Therapiekosten bei Ihrer Zusatzversicherung einzureichen.<\/p>\n\n\n\n<p><strong>SVA Gesundheitshunderter<\/strong><br><a href=\"https:\/\/www.svs.at\/cdscontent\/?contentid=10007.817066\" target=\"_blank\" rel=\"noopener\">https:\/\/www.svagw.at<\/a><\/p>\n<\/div><\/div>\n","protected":false},"excerpt":{"rendered":"<p>Das sollten Sie mitbringen: Zu Therapiebeginn bringen Sie bitte die \u00c4rztliche verordnung und falls vorhanden Befunde (aktuelle R\u00f6ntgenbilder )&nbsp; sowie wenn m\u00f6glich einen Handtuch. Terminvereinbarung:Twalib Fabian 06603488012 oder Mail office@corpo.at Falls ich Ihren Anruf nicht pers\u00f6nlich entgegen nehmen kann,&nbsp; rufe ich Sie falls Tel. Nummer bekannt verl\u00e4sslich zur\u00fcck. Bitte beachten Sie, dass ich Ihre Termine f\u00fcr Sie reserviert halten und daher Termine, die nicht 24 Stunden vorher abgesagt werden in Rechnung stellen muss. Wie l\u00e4uft eine Behandlung ab? Symptomatik\/Gesundheitsdaten Sie zeigen mir die mitgebrachte Verordnung, Befunde und schildern mir aus Ihrer Sicht die Beschwerden. Analyse\/Palpation Es folgt die Erkennung und&#8230; <\/p>\n","protected":false},"author":1,"featured_media":0,"parent":0,"menu_order":0,"comment_status":"closed","ping_status":"closed","template":"template-full-width.php","meta":{"footnotes":""},"class_list":["post-1181","page","type-page","status-publish","hentry"],"_links":{"self":[{"href":"https:\/\/www.corpo.at\/corpo\/wp-json\/wp\/v2\/pages\/1181","targetHints":{"allow":["GET"]}}],"collection":[{"href":"https:\/\/www.corpo.at\/corpo\/wp-json\/wp\/v2\/pages"}],"about":[{"href":"https:\/\/www.corpo.at\/corpo\/wp-json\/wp\/v2\/types\/page"}],"author":[{"embeddable":true,"href":"https:\/\/www.corpo.at\/corpo\/wp-json\/wp\/v2\/users\/1"}],"replies":[{"embeddable":true,"href":"https:\/\/www.corpo.at\/corpo\/wp-json\/wp\/v2\/comments?post=1181"}],"version-history":[{"count":9,"href":"https:\/\/www.corpo.at\/corpo\/wp-json\/wp\/v2\/pages\/1181\/revisions"}],"predecessor-version":[{"id":1315,"href":"https:\/\/www.corpo.at\/corpo\/wp-json\/wp\/v2\/pages\/1181\/revisions\/1315"}],"wp:attachment":[{"href":"https:\/\/www.corpo.at\/corpo\/wp-json\/wp\/v2\/media?parent=1181"}],"curies":[{"name":"wp","href":"https:\/\/api.w.org\/{rel}","templated":true}]}}