{"id":1271,"date":"2024-09-04T18:19:34","date_gmt":"2024-09-04T16:19:34","guid":{"rendered":"http:\/\/www.moonyounhee.com\/corpo\/?page_id=1271"},"modified":"2024-09-04T18:19:35","modified_gmt":"2024-09-04T16:19:35","slug":"faszientherapie","status":"publish","type":"page","link":"https:\/\/www.corpo.at\/corpo\/faszientherapie\/","title":{"rendered":"Faszientherapie"},"content":{"rendered":"\n<p>In der Faszien Therapie geht es darum, den K\u00f6rper dabei zu unterst\u00fctzen, neue Ressourcen zu schaffen und Regulationsmechanismen in Gang zu setzen. Entscheidend dabei ist herauszufinden, welches fasziale System oder welche fasziale Schicht gerade Unterst\u00fctzung braucht, und dann die am besten geeignete Technik zu w\u00e4hlen. Faszien erf\u00fcllen vielf\u00e4ltige Aufgaben und haben deshalb viele Eigenschaften bzw. Qualit\u00e4ten. Sie k\u00f6nnen weich und elastisch, aber auch derb und starr sein. Sie sind das sogenannte Bindegewebe unseres K\u00f6rpers und umschlie\u00dfen unter anderen Muskelb\u00fcndeln, Nerven und Organe. Sie formen den K\u00f6rper sind miteinander verbunden und bilden ein Netzwerk, welches die Grundlage f\u00fcr reibungslose, schmerzfreie Bewegungsabl\u00e4ufe und eine gute Funktion des Organismus bildet.<\/p>\n\n\n\n<p>Die Ziele in der Faszien Therapie sind:<\/p>\n\n\n\n<ul class=\"wp-block-list\">\n<li>Unterst\u00fctzung bzw. Verbesserung der Wahrnehmung,<\/li>\n\n\n\n<li>ausgleichen von statische Fehlstellungen,<\/li>\n\n\n\n<li>Bewegungsumfang bzw. Flexibilit\u00e4t verbessern,<\/li>\n\n\n\n<li>Schmerzlinderung,<\/li>\n\n\n\n<li>Unterst\u00fctzung von Organfunktionen und Systemfunktionen,<\/li>\n<\/ul>\n\n\n\n<p>Einige Beispiele f\u00fcr Manual Techniken die eine Wirkung auf die Faszien haben.<\/p>\n\n\n\n<p>Heilmassage, Trigger-Point, Segmenttherapie, Lymphdrainage, Bindegewebsmassage, Klassische Massage, FDM (Faszien Distorsion Modell), Rolfing, Myofibrille Release, Faszienrollen, Faszien Streich Therapie\u2026<\/p>\n","protected":false},"excerpt":{"rendered":"<p>In der Faszien Therapie geht es darum, den K\u00f6rper dabei zu unterst\u00fctzen, neue Ressourcen zu schaffen und Regulationsmechanismen in Gang zu setzen. Entscheidend dabei ist herauszufinden, welches fasziale System oder welche fasziale Schicht gerade Unterst\u00fctzung braucht, und dann die am besten geeignete Technik zu w\u00e4hlen. Faszien erf\u00fcllen vielf\u00e4ltige Aufgaben und haben deshalb viele Eigenschaften bzw. Qualit\u00e4ten. Sie k\u00f6nnen weich und elastisch, aber auch derb und starr sein. Sie sind das sogenannte Bindegewebe unseres K\u00f6rpers und umschlie\u00dfen unter anderen Muskelb\u00fcndeln, Nerven und Organe. Sie formen den K\u00f6rper sind miteinander verbunden und bilden ein Netzwerk, welches die Grundlage f\u00fcr reibungslose, schmerzfreie Bewegungsabl\u00e4ufe&#8230; <\/p>\n","protected":false},"author":1,"featured_media":0,"parent":0,"menu_order":0,"comment_status":"closed","ping_status":"closed","template":"","meta":{"footnotes":""},"class_list":["post-1271","page","type-page","status-publish","hentry"],"_links":{"self":[{"href":"https:\/\/www.corpo.at\/corpo\/wp-json\/wp\/v2\/pages\/1271","targetHints":{"allow":["GET"]}}],"collection":[{"href":"https:\/\/www.corpo.at\/corpo\/wp-json\/wp\/v2\/pages"}],"about":[{"href":"https:\/\/www.corpo.at\/corpo\/wp-json\/wp\/v2\/types\/page"}],"author":[{"embeddable":true,"href":"https:\/\/www.corpo.at\/corpo\/wp-json\/wp\/v2\/users\/1"}],"replies":[{"embeddable":true,"href":"https:\/\/www.corpo.at\/corpo\/wp-json\/wp\/v2\/comments?post=1271"}],"version-history":[{"count":1,"href":"https:\/\/www.corpo.at\/corpo\/wp-json\/wp\/v2\/pages\/1271\/revisions"}],"predecessor-version":[{"id":1273,"href":"https:\/\/www.corpo.at\/corpo\/wp-json\/wp\/v2\/pages\/1271\/revisions\/1273"}],"wp:attachment":[{"href":"https:\/\/www.corpo.at\/corpo\/wp-json\/wp\/v2\/media?parent=1271"}],"curies":[{"name":"wp","href":"https:\/\/api.w.org\/{rel}","templated":true}]}}