{"id":1282,"date":"2024-09-04T18:55:46","date_gmt":"2024-09-04T16:55:46","guid":{"rendered":"http:\/\/www.moonyounhee.com\/corpo\/?page_id=1282"},"modified":"2024-09-18T22:02:44","modified_gmt":"2024-09-18T20:02:44","slug":"impressum","status":"publish","type":"page","link":"https:\/\/www.corpo.at\/corpo\/impressum\/","title":{"rendered":"IMPRESSUM"},"content":{"rendered":"\n<p>Massageinstitut CORPO<br><em><strong>Twalib Fabian<\/strong><\/em><\/p>\n\n\n\n<p>Adresse:<br>Donaufelderstrasse 103\/2\/1 1210 Wien <br>Telefon:\u00a006603488012 <br>E-Mail: <a href=\"mailto:office@corpo.at\">office@corpo.at<\/a> <br>Internet: www.corpo.at <br>Rechtsform: Einzelunternehmen <br>Inhaber: Herr Twalib FABIAN <br>Bank Verbindung: <strong>Oberbank<\/strong> IBAN: AT971500004351026291 <br>Aufsichtsbeh\u00f6rde: Magistratisches Bezirksamt des 21 Bezirkes <br>Kammer: Wirtschaftskammer Wien <br>Bezeichnung: Fachgruppe Heilmasseure und Masseure; \u00d6sterreich http:\/\/www.fkm.at<\/p>\n\n\n\n<h4 class=\"wp-block-heading\" id=\"datenschutzbestimmungen\">Datenschutzbestimmungen<\/h4>\n\n\n\n<p>Wir erheben, verarbeiten und nutzen Ihre Daten nur im Rahmen der gesetzlichen Bestimmungen.<\/p>\n\n\n\n<p>Diese Datenschutzerkl\u00e4rung gilt ausschlie\u00dflich f\u00fcr die Nutzung der von uns angebotenen Webseiten. Sie gilt nicht f\u00fcr die Webseiten anderer Dienstanbieter, auf die wir lediglich durch einen Link verweisen.<\/p>\n\n\n\n<p>Bei der Nutzung unserer Webseiten bleiben Sie anonym, solange Sie uns nicht von sich aus freiwillig personenbezogene Daten zur Verf\u00fcgung stellen.<\/p>\n\n\n\n<p>Wir werden die von Ihnen zur Verf\u00fcgung gestellten Daten streng vertraulich behandeln. Ohne Ihre ausdr\u00fcckliche Einwilligung geben wir keine pers\u00f6nlichen Daten weiter, es sei denn, dass wir rechtlich dazu verpflichtet sind. Wir weisen jedoch darauf hin, dass es bei der \u00dcbermittlung von Daten im Internet immer dazu kommen kann, dass Dritte Ihre Daten zur Kenntnis nehmen oder verf\u00e4lschen.<\/p>\n\n\n\n<p>Sofern Sie es von uns verlangen, gew\u00e4hren wir Ihnen Einblick in die \u00fcber Sie gespeicherten Daten, beziehungsweise l\u00f6schen diese. Wenn Sie Daten berichtigen, l\u00f6schen oder einsehen wollen, gen\u00fcgt hierf\u00fcr ein Schreiben an die im Impressum angegebene Adresse.<\/p>\n\n\n\n<p>Im Rahmen der Benachrichtigung unserer Kunden \u00fcber Produktneuheiten, etc. senden wir Ihnen E-Mails nur zu, sofern Sie uns Ihre E-Mail-Adresse zur Verf\u00fcgung stellen.<\/p>\n\n\n\n<p>Haftung f\u00fcr Inhalte dieser Webseite<\/p>\n\n\n\n<p>Wir entwickeln die Inhalte dieser Webseite st\u00e4ndig weiter und bem\u00fchen uns korrekte und aktuelle Informationen bereitzustellen. Leider k\u00f6nnen wir keine Haftung f\u00fcr die Korrektheit aller Inhalte auf dieser Webseite \u00fcbernehmen, speziell f\u00fcr jene die seitens Dritter bereitgestellt wird. Sollten Ihnen problematische oder rechtswidrige Inhalte auffallen, bitte wir Sie uns umgehend zu kontaktieren, Sie finden die Kontaktdaten im Impressum.<\/p>\n\n\n\n<p>Haftung f\u00fcr Links auf dieser Webseite<\/p>\n\n\n\n<p>Unsere Webseite enth\u00e4lt Links zu anderen Webseiten f\u00fcr deren Inhalt wir nicht verantwortlich sind. Wenn Ihnen rechtswidrige Links auf unserer Webseite auffallen, bitte wir Sie uns zu kontaktieren, Sie finden die Kontaktdaten im Impressum.<\/p>\n\n\n\n<p>Urheberrechtshinweis<\/p>\n\n\n\n<p>Alle Inhalte dieser Webseite (Bilder, Fotos, Texte, Videos) unterliegen dem Urheberrecht. Falls notwendig, werden wir die unerlaubte Nutzung von Teilen der Inhalte unserer Seite rechtlich verfolgen.<\/p>\n\n\n\n<p>Bildernachweis<\/p>\n\n\n\n<p>Die Bilder, Fotos und Grafiken auf dieser Webseite sind urheberrechtlich gesch\u00fctzt.<\/p>\n\n\n\n<p>Die Bilderrechte liegen bei Twalib Fabian<\/p>\n","protected":false},"excerpt":{"rendered":"<p>Massageinstitut CORPOTwalib Fabian Adresse:Donaufelderstrasse 103\/2\/1 1210 Wien Telefon:\u00a006603488012 E-Mail: office@corpo.at Internet: www.corpo.at Rechtsform: Einzelunternehmen Inhaber: Herr Twalib FABIAN Bank Verbindung: Oberbank IBAN: AT971500004351026291 Aufsichtsbeh\u00f6rde: Magistratisches Bezirksamt des 21 Bezirkes Kammer: Wirtschaftskammer Wien Bezeichnung: Fachgruppe Heilmasseure und Masseure; \u00d6sterreich http:\/\/www.fkm.at Datenschutzbestimmungen Wir erheben, verarbeiten und nutzen Ihre Daten nur im Rahmen der gesetzlichen Bestimmungen. Diese Datenschutzerkl\u00e4rung gilt ausschlie\u00dflich f\u00fcr die Nutzung der von uns angebotenen Webseiten. Sie gilt nicht f\u00fcr die Webseiten anderer Dienstanbieter, auf die wir lediglich durch einen Link verweisen. Bei der Nutzung unserer Webseiten bleiben Sie anonym, solange Sie uns nicht von sich aus freiwillig personenbezogene Daten zur&#8230; <\/p>\n","protected":false},"author":1,"featured_media":0,"parent":0,"menu_order":0,"comment_status":"closed","ping_status":"closed","template":"","meta":{"footnotes":""},"class_list":["post-1282","page","type-page","status-publish","hentry"],"_links":{"self":[{"href":"https:\/\/www.corpo.at\/corpo\/wp-json\/wp\/v2\/pages\/1282","targetHints":{"allow":["GET"]}}],"collection":[{"href":"https:\/\/www.corpo.at\/corpo\/wp-json\/wp\/v2\/pages"}],"about":[{"href":"https:\/\/www.corpo.at\/corpo\/wp-json\/wp\/v2\/types\/page"}],"author":[{"embeddable":true,"href":"https:\/\/www.corpo.at\/corpo\/wp-json\/wp\/v2\/users\/1"}],"replies":[{"embeddable":true,"href":"https:\/\/www.corpo.at\/corpo\/wp-json\/wp\/v2\/comments?post=1282"}],"version-history":[{"count":2,"href":"https:\/\/www.corpo.at\/corpo\/wp-json\/wp\/v2\/pages\/1282\/revisions"}],"predecessor-version":[{"id":1390,"href":"https:\/\/www.corpo.at\/corpo\/wp-json\/wp\/v2\/pages\/1282\/revisions\/1390"}],"wp:attachment":[{"href":"https:\/\/www.corpo.at\/corpo\/wp-json\/wp\/v2\/media?parent=1282"}],"curies":[{"name":"wp","href":"https:\/\/api.w.org\/{rel}","templated":true}]}}