{"id":926,"date":"2024-07-12T18:25:14","date_gmt":"2024-07-12T16:25:14","guid":{"rendered":"http:\/\/www.moonyounhee.com\/corpo\/?page_id=926"},"modified":"2026-04-06T14:16:45","modified_gmt":"2026-04-06T12:16:45","slug":"leistungen","status":"publish","type":"page","link":"https:\/\/www.corpo.at\/corpo\/leistungen\/","title":{"rendered":"Leistungen"},"content":{"rendered":"\n<div class=\"wp-block-columns is-layout-flex wp-container-core-columns-is-layout-9d6595d7 wp-block-columns-is-layout-flex\">\n<div class=\"wp-block-column is-layout-flow wp-block-column-is-layout-flow\" style=\"flex-basis:100%\"><div class=\"tabs-wrapper\"><ul class=\"tabs\"><li><a rel=\"tab570\" href=\"javascript:void(0)\">Mein Behandlungsansatz <i class=\"far fa-hand-point-right\"><\/i>\r\n<\/a><div id=\"tab570\" class=\"tab-content\"><\/p>\n<h3>Mein Behandlungsansatz<\/h3>\n<p>Um ein Schmerzgeschehen langfristig erfolgreich zu Behandeln ist es wichtig heraus zu finden, was die genaue Ursache daf\u00fcr ist. Deswegen ist eine ganzheitliche Betrachtungsweise von K\u00f6rper, Geist\/Seele und Organe notwendig. Fehlende Bewegung, Muskul\u00e4re Verspannung und st\u00e4ndige allt\u00e4glichen Stress f\u00fchren h\u00e4ufig zu \u00dcberlastung des Bindegewebes (sogenannten Faszien) und Muskulatur. Dabei k\u00f6nnen Schmerzpunkte in der Muskulatur, an Sehnen, an \u00dcberg\u00e4ngen zwischen Muskulatur und Sehnen und am Ansatz der Knochen entstehen. Nach einer genauen Anamnese und Palpatorische Befunderhebung erhalte ich Informationen \u00fcber den aktuellen Status und bekomme auch Hinweise darauf was die Ursache der Beschwerden sein k\u00f6nnte. Nach Abkl\u00e4rung der Kontraindikationen, Ihre Erwartungen oder Therapieziele berate ich Sie \u00fcber die Therapiem\u00f6glichkeiten die in Frage kommen und w\u00e4hle oftmals eine Kombination aus verschiedene Techniken.<\/p>\n<div class=\"tidycal-embed\" data-path=\"grafik1111\"><\/div>\n<p><script src=\"https:\/\/asset-tidycal.b-cdn.net\/js\/embed.js\" async><\/script><\/p>\n<div class=\"tidycal-embed\" data-path=\"twalib-fabian\"><\/div>\n<p><script src=\"https:\/\/asset-tidycal.b-cdn.net\/js\/embed.js\" async><\/script><br \/>\n<\/div><\/li><\/p>\n\n\n<p><li><a rel=\"tab115\" href=\"javascript:void(0)\">Heilmassage <i class=\"far fa-hand-point-right\"><\/i>\r\n<\/a><div id=\"tab115\" class=\"tab-content\"><\/p>\n<h3>Heilmassage<\/h3>\n<p>Die Heilmassage kann bei vielen Beschwerden des Bewegungsapparates eingesetzt werden. Sie hilft bei der Straffung des Muskelgewebes, der Entschlackung des Organismus, der Nachbehandlung verschiedener Krankheitsbilder und nicht zuletzt bei der Regeneration von K\u00f6rper und Geist. Durch die Massage wird die Durchblutung der Muskulatur gef\u00f6rdert und angestaute Stoffwechselprodukte freigesetzt, die dann vom Blut abtransportiert werden. Insbesondere an Stellen, wo bereits Verklebungen und Verk\u00fcrzungen der Muskulatur vorhanden sind und Schmerzen verursachen, kann die Heilmassage anfangs ein wenig unangenehm sein. Es k\u00f6nnen sowohl sanfte als auch kr\u00e4ftigere Reize gesetzt werden, was zu einer muskul\u00e4ren und k\u00f6rperlichen Reaktion f\u00fchren kann, die einem Muskelkater \u00e4hnelt. Dieser &#8222;Muskelkater&#8220; kann bis zu 2 Tage anhalten. Dennoch bestimmen Sie, wie stark der Massagedruck sein darf. Das vorrangige Ziel der Behandlung ist es, Verspannungen und Verh\u00e4rtungen zu l\u00f6sen.<\/p>\n<p><b>Eine Heilmassage erfordert eine \u00e4rztliche Abkl\u00e4rung und Zuweisung.<\/b><\/p>\n<p>Wie verl\u00e4uft eine Behandlung?<\/p>\n<p>Um Schmerzen langfristig erfolgreich zu behandeln, ist es wichtig, die genaue Ursache herauszufinden.<\/p>\n<p>Sie Zeigen die mitgebrachte \u00e4rztliche Verordnung, auf der die Diagnose vermerkt ist, und schildern mir Ihre Beschwerden aus Ihrer Sicht. <\/p>\n<p>Durch Abtasten erhalte ich zus\u00e4tzliche Informationen \u00fcber Ihren aktuellen Zustand und bekomme Hinweise darauf, was die Ursache Ihrer Beschwerden sein k\u00f6nnte. Nachdem Kontraindikationen ausgeschlossen wurden, berate ich Sie \u00fcber die Therapieformen, die ich anbieten kann und die individuell auf Sie abgestimmt werden, oft in Form einer Kombination aus verschiedenen Techniken. <\/p>\n<p>Eine Behandlung ist immer ein Lernprozess f\u00fcr den K\u00f6rper. Abh\u00e4ngig von der bisherigen Dauer und Schwere Ihrer Beschwerden variiert die Anzahl der Behandlungen und die Dauer der Betreuung. <\/p>\n<p>In den meisten F\u00e4llen sind vier bis f\u00fcnf Termine erforderlich, um abzusch\u00e4tzen, wie schnell der K\u00f6rper auf die Behandlung reagiert. Oft tritt nach der erste Behandlung schon eine deutliche Verbesserung ein. Ist ein ganzheitlicher Erfolg eingetreten, werden Behandlungen in immer gr\u00f6\u00dfer werdenden Intervallen durchgef\u00fchrt. <\/p>\n<\/div><\/li><\/p>\n\n\n<p><li><a rel=\"tab904\" href=\"javascript:void(0)\">Faszientherapie <i class=\"far fa-hand-point-right\"><\/i>\r\n<\/a><div id=\"tab904\" class=\"tab-content\"><\/p>\n<h3>Faszientherapie<\/h3>\n<p>In der Faszien Therapie geht es darum, den K\u00f6rper dabei zu unterst\u00fctzen, neue Ressourcen zu schaffen und Regulationsmechanismen in Gang zu setzen. Entscheidend dabei ist herauszufinden, welches fasziale System oder welche fasziale Schicht gerade Unterst\u00fctzung braucht, und dann die am besten geeignete Technik zu w\u00e4hlen. Faszien erf\u00fcllen vielf\u00e4ltige Aufgaben und haben deshalb viele Eigenschaften bzw. Qualit\u00e4ten. Sie k\u00f6nnen weich und elastisch, aber auch derb und starr sein. Sie sind das sogenannte Bindegewebe unseres K\u00f6rpers und umschlie\u00dfen unter anderen Muskelb\u00fcndeln, Nerven und Organe. Sie formen den K\u00f6rper sind miteinander verbunden und bilden ein Netzwerk, welches die Grundlage f\u00fcr reibungslose, schmerzfreie Bewegungsabl\u00e4ufe und eine gute Funktion des Organismus bildet.<\/br><\/br>Die Ziele in der Faszien Therapie sind: <\/br><\/p>\n<ul>\n<li>Unterst\u00fctzung bzw. Verbesserung der Wahrnehmung,<\/li>\n<li>ausgleichen von statische Fehlstellungen,<\/li>\n<li> Bewegungsumfang bzw. Flexibilit\u00e4t verbessern,<\/li>\n<li> Schmerzlinderung,<\/li>\n<li> Unterst\u00fctzung von Organfunktionen und Systemfunktionen,<\/li>\n<\/ul>\n<p> Einige Beispiele f\u00fcr Manual Techniken die eine Wirkung auf die Faszien haben. Heilmassage, Trigger-Point, Segmenttherapie, Lymphdrainage, Bindegewebsmassage, Klassische Massage, FDM (Faszien Distorsion Modell), Rolfing, Myofibrille Release, Faszienrollen, Faszien Streich Therapie\u2026<\/br><br \/>\n<img decoding=\"async\" style=\"width:100%!important;height:100% !important;\" src=\"https:\/\/www.corpo.at\/corpo\/wp-content\/uploads\/2024\/07\/fastiopathie.png\" alt=\"corpo\"><\/p>\n<\/div><\/li><\/p>\n\n\n\n<div class=\"wp-block-columns is-layout-flex wp-container-core-columns-is-layout-9d6595d7 wp-block-columns-is-layout-flex\">\n<div class=\"wp-block-column is-layout-flow wp-block-column-is-layout-flow\" style=\"flex-basis:100%\"><p><li><a rel=\"tab645\" href=\"javascript:void(0)\">Viszerale Fasziopathie <i class=\"far fa-hand-point-right\"><\/i>\r\n<\/a><div id=\"tab645\" class=\"tab-content\"><\/p>\n<h3>Viszerale Fasziopathie<\/h3>\n<p>Behandlung der Organfaszien, faszialen Aufh\u00e4ngungen, Verklebungen und Unterst\u00fctzung der Wahrnehmung. Die viszerale Faszientherapie stellt eine Methode der manuellen Befundung und Behandlung des Organsystems dar. Das Ziel ist nicht die Entspannung der faszialen Struktur, sondern dem K\u00f6rper dabei zu unterst\u00fctzen, die Flexibilit\u00e4t zu erlangen, um eine gesunde, physiologisch optimale Spannung zu erkennen und einzustellen. Ein weiterer Schwerpunkt liegt in der Erkennung von Adh\u00e4sionen (Verklebungen) und der Wiederherstellung der Beweglichkeit (freies Gleiten) bzw. Einschr\u00e4nkungen in der Mobilit\u00e4t von Organen durch die Behandlung. Das Ziel der Therapie ist es, die Mobilit\u00e4t der Gleitschichten der Organe zu verbessern, sowie die Wahrnehmung zu optimieren, um die Anpassungsf\u00e4higkeit der Faszien wiederherzustellen, damit eine gesunde physiologische Spannung und insbesondere die F\u00e4higkeit zur Selbstregulation verbessert wird. <\/p>\n<\/div><\/li><\/p>\n<\/div>\n<\/div>\n\n\n<p><li><a rel=\"tab943\" href=\"javascript:void(0)\">Kr\u00e4ftige Klassische Massage <i class=\"far fa-hand-point-right\"><\/i>\r\n<\/a><div id=\"tab943\" class=\"tab-content\"><\/p>\n<h3>Klassische Massage<\/h3>\n<p>Die Kr\u00e4ftige klassische Massage hat eine allgemein entspannenden Wirkung und mann kann es auch zur gezielten Behandlung von k\u00f6rperlicher Beschwerden verursacht durch Verspannung. Diese Massage dient zur Lockerung und Dehnung des Muskelgewebes, kann aber auch schlaffe Muskeln kr\u00e4ftigen. Sie wirkt wie eine passive Bewegungstherapie. Gleichzeitig wird die Durchblutung des Gewebes und der Haut stimuliert, was sich positiv auf den Kreislauf und das Wohlbefinden auswirkt.<\/br><\/br><b>Haupteffekte der klassischen Massage sind:<\/b><\/p>\n<ul>\n<li>\n    positive Ver\u00e4nderung der Muskelgrundspannung\n<\/li>\n<li>\n    Verbesserung der Durchblutung des Bindegewebes\n<\/li>\n<li>\n    ausgleichende Wirkung auf das Nervensystem\n<\/li>\n<li>\n    Verbesserung der freien und sicheren Beweglichkeit\n<\/li>\n<\/ul>\n<p>Anwendung: Die Kr\u00e4ftige klassische Massage wird angewendet bei Hartspann zur Straffung des Muskelgewebes, zur Entschlackung des Organismus, bei Beschwerden des Bewegungsapparates, Schmerzen im Schulter-, Nacken- und R\u00fcckenbereich, zur Nachbehandlung verschiedener Krankheitsbilder und nicht zuletzt zur Regeneration von K\u00f6rper und Geist. <\/p>\n<\/div><\/li><\/p>\n\n\n<p><li><a rel=\"tab855\" href=\"javascript:void(0)\">Lymphdrainage <i class=\"far fa-hand-point-right\"><\/i>\r\n<\/a><div id=\"tab855\" class=\"tab-content\"><\/p>\n<h3>Lymphdrainage<\/h3>\n<p>Die manuelle Lymphdrainage ist eine sanfte, von Hand durchgef\u00fchrte Therapie zur Entstauung des Gewebes. Sie wirkt beruhigend auf das Nervensystem und verbessert den Blut- und Lymphfluss.<\/br><\/br>Bei der manuellen Lymphdrainage handelt es sich um eine Technik, bei der die Gewebsfl\u00fcssigkeit \u00fcber Lymphgef\u00e4\u00dfe durch sanftes Abdrainieren (Ab- und Weiterf\u00fchrung) manuell geleitet wird. Im Gegensatz zur herk\u00f6mmlichen Massage basiert sie auf einer spezifischen Grifftechnik, bei der rhythmisch-kreisende und pumpende Bewegungen mit flachem Druck und bestimmter Reihenfolge, abh\u00e4ngig von der vorliegenden Erkrankung, angewendet werden. Bei der Bauchtiefdrainage wird auch der Atemrhythmus einbezogen, w\u00e4hrend ansonsten haupts\u00e4chlich fl\u00e4chig gearbeitet wird.<\/br><\/br>Anwendungsbereiche: Die manuelle Lymphdrainage wird zur Entw\u00e4sserung, Entstauung und Entschlackung bei Stauungen, Schwellungen und Wasseransammlungen im Gewebe eingesetzt, insbesondere bei Lymph\u00f6demen und postoperativen \u00d6demen. Sie findet auch Anwendung in der Nachbehandlung von Verletzungen und Operationen sowie bei Kopfschmerzen wie Migr\u00e4ne und Verdauungsbeschwerden. Die Wirkung umfasst entz\u00fcndungshemmende, schmerzlindernde, krampfl\u00f6sende und beruhigende Eigenschaften sowie eine F\u00f6rderung der Regeneration und eine St\u00e4rkung des Immunsystems. Die manuelle Lymphdrainage spielt auch eine wichtige Rolle in der Nachbehandlung von Operationen, bei denen Lymphknoten entfernt wurden. Durch ihre Wirkung auf den parasympathischen Teil des vegetativen Nervensystems wirkt diese Behandlungstechnik beruhigend und hilft beim Stressabbau. <\/br><\/br>Um die Lymphdrainage zu unterst\u00fctzen und eine erneute Ansammlung von Gewebsfl\u00fcssigkeit zu verhindern, wird in den meisten F\u00e4llen nach der Behandlung eine Bandagierung oder das Tragen von Kompressionsstr\u00fcmpfen empfohlen. Diese Therapieform kann bei Lymph\u00f6demen (prim\u00e4rer und sekund\u00e4rer Art), Phleb\u00f6demen (ven\u00f6ser oder postthrombotischer Art), traumatischen \u00d6demen, Morbus Sudeck, rheumatischen \u00d6demen, chronisch entz\u00fcndlichen \u00d6demen (Sklerodermie, Strahlensch\u00e4digungen), Inaktivit\u00e4ts\u00f6demen (bei L\u00e4hmungen), Lip\u00f6demen und idiopathischen \u00d6demen eingesetzt werden. <\/p>\n<\/div><\/li><\/p>\n\n\n<p><li><a rel=\"tab509\" href=\"javascript:void(0)\">Neuromobilisation <i class=\"far fa-hand-point-right\"><\/i>\r\n<\/a><div id=\"tab509\" class=\"tab-content\"><\/p>\n<h3>Neuromobilisation<\/h3>\n<p>Die Neuromobilisierung ist eine Technik, die darauf abzielt, Nerven zu behandeln, die im umgebenden Gewebe haften, gereizt oder komprimiert sind. Viele Patienten, die in der Vergangenheit Symptome wie Schmerzen, Taubheitsgef\u00fchl oder Kribbeln in Armen oder Beinen hatten, k\u00f6nnen von einer Neuromobilisierung profitieren. <\/br><\/br>Bei der Neuromobilisierung wende ich eine Kombination aus manueller Traktion und sensibilisierenden Griffen an, insbesondere an den Stellen, an denen der Nerv am st\u00e4rksten haftet. Stellen Sie sich den Nerv wie ein Kabel vor, das nicht besonders elastisch ist. Wenn er gereizt und verklebt ist, versuche ich, den Nerv hin und her zu bewegen, um ihn von den Verklebungen zu befreien und die Beschwerden zu minimieren. <\/br><\/br>Das Nervensystem<\/br><\/br>Das Nervensystem ist das Medium, das lebenswichtige Informationen im menschlichen K\u00f6rper \u00fcbertr\u00e4gt. Dieses &#8222;innere Netzwerk&#8220; besteht aus dem Gehirn, dem R\u00fcckenmark, den Spinalnerven und einer Vielzahl von Neurotransmittern. Das Nervensystem kontrolliert physische, emotionale und geistige Funktionen sowie Kreativit\u00e4t, Leistung und spirituelle Entwicklung und Ausdruck. <\/br><\/br>&#8222;Jede Zelle unseres K\u00f6rpers besitzt ein Rezeptorprotein. Nichts geschieht in dieser Zelle, bis Anweisungen durch dieses Rezeptorprotein empfangen und an die Zelle weitergegeben werden.&#8220; (Dr. Bruce Lipton, Ph.D., Life College West) <\/br><\/br>Leben und somit Vitalit\u00e4t entstehen im Inneren des Menschen. Der menschliche K\u00f6rper ist ein selbstheilender Organismus. Die angeborene nat\u00fcrliche Intelligenz des K\u00f6rpers steht in st\u00e4ndiger Kommunikation mit allen Bereichen des K\u00f6rpers, um den Zustand der Vitalit\u00e4t zu optimieren und zu maximieren. Ein ungehinderter Kommunikationsfluss im Nervensystem erh\u00f6ht die F\u00e4higkeit, das Leben in vollem Umfang zu genie\u00dfen. Vitalit\u00e4t, Wohlbefinden, ein gest\u00e4rktes Immunsystem, verbesserte Leistung und emotionale Ausgeglichenheit sind die Ziele der Neuromobilisation. <\/p>\n<\/div><\/li><\/p>\n\n\n<p><li><a rel=\"tab129\" href=\"javascript:void(0)\">Massage auf Knopfdruck <i class=\"far fa-hand-point-right\"><\/i>\r\n<\/a><div id=\"tab129\" class=\"tab-content\"><\/p>\n<h3>Massage auf Knopfdruck<\/h3>\n<p><b>Massage mit Massagesessel &#8222;AKTION 10\u20ac 25 min&#8220;<\/b> <\/br>Wir laden Sie herzlich ein, sich um Ihre Gesundheit zu k\u00fcmmern, indem Sie nicht nur unsere manuellen Behandlungen in Anspruch nehmen, sondern auch unsere Therapieliege und Massage-Sessel nutzen. Begleitet von einer professionellen Beratung empfehlen wir Ihnen, die Massage-Liege und den Sessel w\u00f6chentlich als Erg\u00e4nzung zu Ihren Behandlungen zu nutzen. Entspannung ist der Schl\u00fcssel zum Wohlbefinden, und auf beiden Ger\u00e4ten k\u00f6nnen Sie eine tiefe Entspannung oder ein sogenanntes &#8222;Powernapping&#8220; erleben, was Ihr Wohlbefinden st\u00e4rkt und die Selbstheilungskr\u00e4fte aktiviert. <\/br><\/br><b>Massage auf Knopfdruck: 15 Minuten f\u00fcr 9 \u20ac, 25 Minuten f\u00fcr 15 \u20ac <\/b><\/br><\/br>In Kombination mit einer Behandlung bei mir oder meiner Kollegin erhalten Sie einen Rabatt von 10%. Dies ist eine Wellness-M\u00f6glichkeit f\u00fcr zwischendurch, die unkompliziert und schnell die gew\u00fcnschte Wirkung erzielt. Die Nutzung der Ger\u00e4te ist jederzeit m\u00f6glich, jedoch ist f\u00fcr den ersten Termin eine Terminvereinbarung erforderlich. <\/br><\/br>Besuchen Sie uns in unserer Praxis in der Donaufelderstra\u00dfe 103\/2\/1, 1210 Wien. <\/br>Nur nach Terminvereinbarung. <\/br><\/br>\u00d6ffnungszeiten: <\/p>\n<ul>\n<li>Montag &amp; Mittwoch: 13:00 &#8211; 19:00 Uhr <\/li>\n<li>Dienstag, Donnerstag &amp; Freitag: 15:00 &#8211; 19:00 Uhr<\/li>\n<\/ul>\n<p>Ihr Therapeut: Twalib Fabian Kontakt: 06603488012 oder office@corpo.at <\/br><\/br><b>Bringen Sie bitte wenn m\u00f6glich ein gro\u00dfes Handtuch mit und tragen Sie bequeme Kleidung.<\/b><br \/>\n<img decoding=\"async\" style=\"width:40%!important;height:25% !important;\" src=\"https:\/\/www.corpo.at\/corpo\/wp-content\/uploads\/2024\/07\/massage1-scaled.jpg\" alt=\"corpo\"><br \/>\n<img decoding=\"async\" style=\"width:40%!important;height:25% !important;\" src=\"https:\/\/www.corpo.at\/corpo\/wp-content\/uploads\/2024\/07\/massagesessel.jpeg\" alt=\"corpo\"><\/p>\n<\/div><\/li><\/p>\n\n\n<p><li><a rel=\"tab562\" href=\"javascript:void(0)\">Schr\u00f6pftherapie <i class=\"far fa-hand-point-right\"><\/i>\r\n<\/a><div id=\"tab562\" class=\"tab-content\"><\/p>\n<h3>Schr\u00f6pftherapie<\/h3>\n<p>In der traditionellen chinesischen und nah\u00f6stlichen Naturmedizin wird das Schr\u00f6pfen angewendet, um eine Vielzahl von Erkrankungen zu behandeln. Dabei werden an bestimmten Stellen Sauggl\u00e4ser auf die Haut angebracht und ein Unterdruck erzeugt. Die Lage der Sch\u00f6pfstellen orientiert sich am Tastbefund, das hei\u00dft, es wird im Bereich von muskul\u00e4ren Verh\u00e4rtungen oder faszialen Verklebungen geschr\u00f6pft. Der Unterdruck zieht die Haut nach oben und erm\u00f6glicht eine starke Durchblutung der behandelten Stelle, was den K\u00f6rper zu einer Reaktion zwingt. Dadurch k\u00f6nnen k\u00f6rpereigene Funktionen gest\u00e4rkt und Selbstheilungskr\u00e4fte aktiviert werden. <\/br><\/br>Bei der Schr\u00f6pfkopfmassage wird das Schr\u00f6pfglas auf unversehrte Hautstellen gesetzt. Der Schr\u00f6pfkopf wird dann \u00fcber eine bestimmte Stelle verschoben, was eine verst\u00e4rkte Durchblutungsf\u00f6rderung zur Folge hat.<\/br><\/br> Anwendungsbereiche: <\/br><\/br>Es gibt Hinweise darauf, dass die Schr\u00f6pfkopftherapie f\u00fcr die Behandlung bestimmter Beschwerden von Vorteil sein kann, darunter Migr\u00e4ne, Rheuma, Bandscheibenprobleme, Hexenschuss, Knieprobleme, Ischias, Kopfschmerzen, Nierenschw\u00e4che, Wetterf\u00fchligkeit, M\u00fcdigkeit, Depressionen, Verdauungsprobleme, Herz-Kreislauferkrankungen und Organbeschwerden. <\/br><\/br>Kontraindikationen: <\/br><\/br>Das Schr\u00f6pfen sollte unter anderem nicht bei Schwangeren bis zum vierten Schwangerschaftsmonat angewendet werden. Auch sollten keine Schr\u00f6pfk\u00f6pfe \u00fcber verletzter Haut, Tumoren, Sonnenbrand, Brandwunden oder frischen Verletzungen platziert werden. <\/p>\n<\/div><\/li><\/p>\n\n\n<p><li><a rel=\"tab942\" href=\"javascript:void(0)\">Ultraschall <i class=\"far fa-hand-point-right\"><\/i>\r\n<\/a><div id=\"tab942\" class=\"tab-content\"><\/p>\n<h3>Ultraschall<\/h3>\n<p>Ultraschall ist eine Anwendung, die im weitesten Sinn zur Elektrotherapie z\u00e4hlt. Dabei wird Strom in hochfrequente Schallwellen von etwa 1 oder 3 MHz umgewandelt. Der Ultraschall wird mithilfe eines Schallkopfes mit Kontaktgel auf die erkrankte Region aufgetragen und dabei in kreisenden Bewegungen bewegt. Alternativ kann die Anwendung auch in einer Teilwanne oder einem Beh\u00e4lter unter Wasser erfolgen, zum Beispiel an den F\u00fc\u00dfen oder H\u00e4nden. Der Schall wird dabei kontinuierlich oder in gepulster Form abgegeben. <\/p>\n<\/div><\/li><\/p>\n\n\n<p><li><a rel=\"tab720\" href=\"javascript:void(0)\">Relax Massage  <i class=\"far fa-hand-point-right\"><\/i>\r\n<\/a><div id=\"tab720\" class=\"tab-content\"><\/p>\n<h3>Relax Massage<\/h3>\n<p>Die klassische Massage ist die bekannteste und am weitesten verbreitete Massagetechnik im westlichen Raum. Als klassisches Naturheilverfahren reicht ihr Anwendungsgebiet von einer allgemein entspannenden Wirkung bis zur gezielten Behandlung vieler k\u00f6rperlicher Beschwerden. Diese Massage dient der Entspannung, Lockerung und Dehnung des Muskelgewebes, kann aber auch schlaffe Muskeln kr\u00e4ftigen. Sie wirkt wie eine passive Bewegungstherapie. Gleichzeitig wird die Durchblutung des Gewebes und der Haut stimuliert, was sich positiv auf den Kreislauf und das Wohlbefinden auswirkt. Haupteffekte der klassischen Massage sind:<\/p>\n<p>positive Ver\u00e4nderung der Muskelgrundspannung<br \/>\nVerbesserung der Durchblutung des Bindegewebes<br \/>\nausgleichende Wirkung auf das Nervensystem<br \/>\nVerbesserung der freien und sicheren Beweglichkeit<\/p>\n<p>Anwendung: Die klassische Massage wird angewendet bei Hartspann zur Straffung des Muskelgewebes, zur Entschlackung des Organismus, bei Beschwerden des Bewegungsapparates, Schmerzen im Schulter-, Nacken- und R\u00fcckenbereich, zur Nachbehandlung verschiedener Krankheitsbilder und nicht zuletzt zur Regeneration von K\u00f6rper und Geist. <\/p>\n<\/div><\/li><\/p>\n\n\n<p><li><a rel=\"tab153\" href=\"javascript:void(0)\">Information \u00fcber Parasympathikus <i class=\"far fa-hand-point-right\"><\/i>\r\n<\/a><div id=\"tab153\" class=\"tab-content\"><\/p>\n<h3>Parasympathikus<\/h3>\n<p>Das Immunsystem, auch bekannt als Abwehrsystem, hat die F\u00e4higkeit, den K\u00f6rper vor Sch\u00e4digungen durch Krankheitserreger zu sch\u00fctzen. Es k\u00e4mpft gegen krankmachende Mikroorganismen wie Bakterien, Viren und fremde Substanzen an und beseitigt abnormale k\u00f6rpereigene Zellen. <\/br><\/br>Es setzt sich aus einem komplexen Netzwerk verschiedener Organe (zum Beispiel die Haut als mechanische Barriere), Molek\u00fclen (wie Proteinen als biochemische Barrieren) und zellul\u00e4ren Bestandteilen (wie Monozyten\/Makrophagen) zusammen. Damit es uns effektiv sch\u00fctzen kann, ist es wichtig, dass nach einer Belastungssituation eine Ruhephase folgt. Wenn wir uns entspannen, wird der Parasympathikus aktiviert. Er initiiert und reguliert Abwehrmechanismen, Regenerationsprozesse des Organismus und sorgt f\u00fcr neue Energiequellen. Ein Mangel an Ruhephasen, Vitalstoffen und eine ung\u00fcnstige Beschaffenheit der faszialen Strukturen der dem Immunsystem zugeh\u00f6rigen Organe k\u00f6nnen die Effizienz des Parasympathikus beeintr\u00e4chtigen und sich auf die Leistungsf\u00e4higkeit und das Entstehen von Krankheiten auswirken. <\/br><\/br>Es gibt zus\u00e4tzliche Ma\u00dfnahmen, die das Immunsystem st\u00e4rken k\u00f6nnen: <\/br><\/br><\/p>\n<ul>\n<li>Bewegung ist genauso wichtig wie das Erreichen eines entspannten Zustands des K\u00f6rpers. <\/li>\n<li>Es ist wichtig, N\u00e4hrstoffdefizite auf zellul\u00e4rer Ebene auszugleichen. <\/li>\n<li>Nutze die Ressourcen der Natur! Wilde Kr\u00e4uter wie Johanniskraut k\u00f6nnen das parasympathische Nervensystem aktivieren, da sie die Stimmung aufhellen und Freude spenden. Baldrian und Melisse k\u00f6nnen durch ihre beruhigende Wirkung das vegetative Nervensystem wieder ins Gleichgewicht bringen. <\/li>\n<li>Das Training der Entspannung als Ausgleich zur Anspannung ist empfehlenswert. <\/li>\n<li>Plane den Tagesablauf so, dass \u00dcber- und Unterforderung vermieden werden. <\/li>\n<li>Dehne dich zwischendurch \u00f6fter, g\u00e4hne oder lache bewusst. <\/li>\n<li>Tiefgehende Erholungsphasen und ungest\u00f6rter Nachtschlaf sind wichtig. <\/li>\n<li>Korrigiere Fehlbelastungen im Kausystem und im gesamten Bewegungsapparat. <\/li>\n<li>Umgebe dich mit angenehmen Menschen, da sie positive Auswirkungen auf die Aktivit\u00e4t des Parasympathikus haben. <\/li>\n<li>Eine Faszientherapie kann die F\u00e4higkeit des K\u00f6rpers zur Regeneration unterst\u00fctzen und st\u00e4rken.<\/li>\n<ul>\n<\/div><\/li><\/p>\n\n\n\n<p><\/ul><\/div>\n<\/div>\n<\/div>\n","protected":false},"excerpt":{"rendered":"","protected":false},"author":1,"featured_media":0,"parent":0,"menu_order":0,"comment_status":"closed","ping_status":"closed","template":"template-full-width.php","meta":{"footnotes":""},"class_list":["post-926","page","type-page","status-publish","hentry"],"_links":{"self":[{"href":"https:\/\/www.corpo.at\/corpo\/wp-json\/wp\/v2\/pages\/926","targetHints":{"allow":["GET"]}}],"collection":[{"href":"https:\/\/www.corpo.at\/corpo\/wp-json\/wp\/v2\/pages"}],"about":[{"href":"https:\/\/www.corpo.at\/corpo\/wp-json\/wp\/v2\/types\/page"}],"author":[{"embeddable":true,"href":"https:\/\/www.corpo.at\/corpo\/wp-json\/wp\/v2\/users\/1"}],"replies":[{"embeddable":true,"href":"https:\/\/www.corpo.at\/corpo\/wp-json\/wp\/v2\/comments?post=926"}],"version-history":[{"count":175,"href":"https:\/\/www.corpo.at\/corpo\/wp-json\/wp\/v2\/pages\/926\/revisions"}],"predecessor-version":[{"id":1472,"href":"https:\/\/www.corpo.at\/corpo\/wp-json\/wp\/v2\/pages\/926\/revisions\/1472"}],"wp:attachment":[{"href":"https:\/\/www.corpo.at\/corpo\/wp-json\/wp\/v2\/media?parent=926"}],"curies":[{"name":"wp","href":"https:\/\/api.w.org\/{rel}","templated":true}]}}