{"id":929,"date":"2024-07-12T18:25:47","date_gmt":"2024-07-12T16:25:47","guid":{"rendered":"http:\/\/www.moonyounhee.com\/corpo\/?page_id=929"},"modified":"2025-03-09T17:39:24","modified_gmt":"2025-03-09T16:39:24","slug":"ueber-uns","status":"publish","type":"page","link":"https:\/\/www.corpo.at\/corpo\/ueber-uns\/","title":{"rendered":"\u00dcber uns"},"content":{"rendered":"\n<div class=\"wp-block-columns is-layout-flex wp-container-core-columns-is-layout-9d6595d7 wp-block-columns-is-layout-flex\">\n<div class=\"wp-block-column is-layout-flow wp-block-column-is-layout-flow\" style=\"flex-basis:33.33%\">\n<figure class=\"wp-block-gallery has-nested-images columns-default is-cropped wp-block-gallery-1 is-layout-flex wp-block-gallery-is-layout-flex\">\n<figure class=\"wp-block-image size-large\"><img loading=\"lazy\" decoding=\"async\" width=\"425\" height=\"424\" data-id=\"1150\" src=\"https:\/\/www.corpo.at\/corpo\/wp-content\/uploads\/2024\/07\/twalib.jpg\" alt=\"\" class=\"wp-image-1150\" srcset=\"https:\/\/www.corpo.at\/corpo\/wp-content\/uploads\/2024\/07\/twalib.jpg 425w, https:\/\/www.corpo.at\/corpo\/wp-content\/uploads\/2024\/07\/twalib-300x300.jpg 300w, https:\/\/www.corpo.at\/corpo\/wp-content\/uploads\/2024\/07\/twalib-150x150.jpg 150w\" sizes=\"auto, (max-width: 425px) 100vw, 425px\" \/><\/figure>\n<\/figure>\n<\/div>\n\n\n\n<div class=\"wp-block-column is-layout-flow wp-block-column-is-layout-flow\" style=\"flex-basis:66.66%\">\n<h2 class=\"wp-block-heading\">Twalib Fabian <\/h2>\n\n\n\n<h4 class=\"wp-block-heading\">Staatlich gepr\u00fcfter gewerblicher Heilmasseur und Faszientherapeut<\/h4>\n\n\n\n<p>Als diplomierter Masseur und Bewegungstrainer biete ich umfassende Gesundheitsl\u00f6sungen an.<\/p>\n\n\n        <div class=\"rmwr-wrapper\" \n             data-id=\"rmwr-69fde2ac36088\"\n             data-mode=\"normal\"\n             data-animation=\"fade\"\n             data-duration=\"300\"\n             data-smooth-scroll=\"true\"\n             data-scroll-offset=\"0\">\n            <button \n                type=\"button\"\n                class=\"read-link\" \n                id=\"readlinkrmwr-69fde2ac36088\"\n                data-open-text=\"...Weiterlesen?\"\n                data-close-text=\"...einklappen?\"\n                aria-expanded=\"false\"\n                aria-controls=\"readrmwr-69fde2ac36088\"\n                aria-label=\"...Weiterlesen?\"\n            >\n                <span class=\"rmwr-text\">...Weiterlesen?<\/span>\n            <\/button>\n            <div \n                class=\"read_div\" \n                id=\"readrmwr-69fde2ac36088\"\n                aria-hidden=\"true\"\n                data-animation=\"fade\"\n                data-duration=\"300\"\n                style=\"display: none;\"\n            >\n                <\/p>\n\n\n\n<h4 class=\"wp-block-heading\"><strong>\u00dcber mich<\/strong><\/h4>\n\n\n\n<p>Meine Kindheit verbrachte ich im damaligen Ostblock und sp\u00e4ter in Afrika, wo ich fr\u00fch die Bedeutung von Gesundheit erkannte. Besonders pr\u00e4gend war die F\u00fcrsorge meiner Gro\u00dfmutter, die gro\u00dfen Wert auf ein schmerzfreies Leben legte. Diese Erfahrungen inspirierten mich dazu, autodidaktisch somatische Beschwerden zu behandeln, um sowohl mir als auch meinen Familienmitgliedern zu helfen.<\/p>\n\n\n\n<p>Im Jahr 2005 begann ich meine professionelle Laufbahn als gewerblicher und medizinischer Masseur. Seitdem habe ich mein Fachwissen kontinuierlich erweitert und vertieft. Meine St\u00e4rken liegen in meiner Gelassenheit, Empathie und sozialen Kompetenz.<\/p>\n\n\n\n<hr class=\"wp-block-separator has-alpha-channel-opacity is-style-dots\" \/>\n\n\n\n<h4 class=\"wp-block-heading\">Qualifikationen und Leistungen<\/h4>\n\n\n\n<p>Ich bin ein erfahrener Heil-Medizinischer-Gewerblicher Masseur mit zus\u00e4tzlichen Qualifikationen in:<\/p>\n\n\n\n<ul class=\"wp-block-list\">\n<li>Viszeraler Fasziopathie<\/li>\n\n\n\n<li>Faszien Therapie nach Typaldos (FDM)<\/li>\n\n\n\n<li>Basismobilisation<\/li>\n\n\n\n<li>Sporttraining<\/li>\n\n\n\n<li>PNI (Psycho Neuro Imunologie)<\/li>\n\n\n\n<li>Elektrotherapie Inklusive Laser behandlung <\/li>\n<\/ul>\n\n\n\n<p>Durch meine langj\u00e4hrige Praxis habe ich eine ganzheitliche Sichtweise auf Beschwerden entwickelt. Mein Ziel ist es, die Selbstregulationsmechanismen des K\u00f6rpers zu aktivieren und den Heilungsprozess zu unterst\u00fctzen. Es erf\u00fcllt mich mit Freude, wenn meine Kunden nach der Behandlung weniger Beschwerden haben oder sogar beschwerdefrei sind.<\/p>\n\n\n\n<hr class=\"wp-block-separator has-alpha-channel-opacity is-style-dots\" \/>\n\n\n\n<h4 class=\"wp-block-heading\">Fortbildungen und Spezialisierungen<\/h4>\n\n\n\n<p>Ich bilde mich regelm\u00e4\u00dfig weiter, um meinen Kunden die bestm\u00f6glichen Behandlungen bieten zu k\u00f6nnen. Hier sind einige meiner Fortbildungen:<\/p>\n\n\n\n<ul class=\"wp-block-list\">\n<li>2020: Viszerale Faszientherapie<\/li>\n\n\n\n<li>2019: Viszerale Systeme und das Viszero-fasziale System<\/li>\n\n\n\n<li>2018: Basismobilisation<\/li>\n\n\n\n<li>2017: Spezialkurs Halswirbels\u00e4ule<\/li>\n\n\n\n<li>2016: Faszien als Sinnesorgan, Spezialkurs LWS, H\u00fcfte, Knie, Sprunggelenk<\/li>\n\n\n\n<li>2014: Manuelle Therapie nach Typaldos<\/li>\n\n\n\n<li>2013: Diplomierter Senioren Trainer<\/li>\n\n\n\n<li>2012: Neuromobilisation Lehrgang<\/li>\n\n\n\n<li>2011: Validation nach Feil, NUAD Thai Traditional Massage, Wat Pho Massage Schule in Bangkok<\/li>\n\n\n\n<li>2010: Elektrotherapie, Hildegard von Bingen Schule Wien<\/li>\n\n\n\n<li>2009: Wirbels\u00e4ulenschule Dr. Hans Tilscher<\/li>\n\n\n\n<li>2008: Unternehmerpr\u00fcfung Gewerblicher- und Heil-Masseur<\/li>\n<\/ul>\n\n\n\n<hr class=\"wp-block-separator has-alpha-channel-opacity is-style-dots\" \/>\n\n\n\n<h4 class=\"wp-block-heading\">Meine Philosophie<\/h4>\n\n\n\n<p>Ich bin fest davon \u00fcberzeugt, dass Gesundheit ein wertvolles Gut ist, das gepflegt und gesch\u00e4tzt werden sollte. Mit Leidenschaft und Hingabe setze ich mich daf\u00fcr ein, die Gesundheit meiner Kunden zu verbessern und ihnen zu einem schmerzfreien Leben zu verhelfen.<\/p>\n\n\n\n<p>Ich freue mich darauf, Ihnen zu helfen, Ihre Gesundheit zu optimieren und Ihr Wohlbefinden zu steigern.<\/p>\n\n\n\n<hr class=\"wp-block-separator has-alpha-channel-opacity is-style-dots\" \/>\n\n\n\n<p><strong>Twalib Fabian \u2013 Ihr Experte f\u00fcr Gesundheit und Wohlbefinden<\/strong><\/p>\n\n\n\n<p>Meine Kollegin: <strong>Bettina Neumann Diplomierte Gewerbliche Masseurin <br><\/strong>Tel: 06803172506<br><a href=\"mailto:info@massage-neumann-bettina.at\">info@massage-neumann-bettina.at<\/a><\/p>\n\n\n\n<p><strong>Shah Subra<\/strong><\/p>\n\n\n\n<p>Unser j\u00fcngster Kollege Shah hat seine Massageausbildung in Malaysia absolviert und in \u00d6sterreich in renommierte Spa Massage unternehmen gearbeitet. Er bringt bereits einiges an Know-how und Praxis Erfahrung mit. Seine Spezialit\u00e4t ist die Entspannung Massage.<\/p>\n\n\n<p>            <\/div>\n        <\/div>\n        \n<\/div>\n<\/div>\n\n\n\n<p><\/p>\n","protected":false},"excerpt":{"rendered":"<p>Twalib Fabian Staatlich gepr\u00fcfter gewerblicher Heilmasseur und Faszientherapeut Als diplomierter Masseur und Bewegungstrainer biete ich umfassende Gesundheitsl\u00f6sungen an.<\/p>\n","protected":false},"author":1,"featured_media":0,"parent":0,"menu_order":0,"comment_status":"closed","ping_status":"closed","template":"template-full-width.php","meta":{"footnotes":""},"class_list":["post-929","page","type-page","status-publish","hentry"],"_links":{"self":[{"href":"https:\/\/www.corpo.at\/corpo\/wp-json\/wp\/v2\/pages\/929","targetHints":{"allow":["GET"]}}],"collection":[{"href":"https:\/\/www.corpo.at\/corpo\/wp-json\/wp\/v2\/pages"}],"about":[{"href":"https:\/\/www.corpo.at\/corpo\/wp-json\/wp\/v2\/types\/page"}],"author":[{"embeddable":true,"href":"https:\/\/www.corpo.at\/corpo\/wp-json\/wp\/v2\/users\/1"}],"replies":[{"embeddable":true,"href":"https:\/\/www.corpo.at\/corpo\/wp-json\/wp\/v2\/comments?post=929"}],"version-history":[{"count":24,"href":"https:\/\/www.corpo.at\/corpo\/wp-json\/wp\/v2\/pages\/929\/revisions"}],"predecessor-version":[{"id":1406,"href":"https:\/\/www.corpo.at\/corpo\/wp-json\/wp\/v2\/pages\/929\/revisions\/1406"}],"wp:attachment":[{"href":"https:\/\/www.corpo.at\/corpo\/wp-json\/wp\/v2\/media?parent=929"}],"curies":[{"name":"wp","href":"https:\/\/api.w.org\/{rel}","templated":true}]}}