{"id":935,"date":"2024-07-12T18:26:42","date_gmt":"2024-07-12T16:26:42","guid":{"rendered":"http:\/\/www.moonyounhee.com\/corpo\/?page_id=935"},"modified":"2026-04-06T14:18:12","modified_gmt":"2026-04-06T12:18:12","slug":"preise","status":"publish","type":"page","link":"https:\/\/www.corpo.at\/corpo\/preise\/","title":{"rendered":"Preise"},"content":{"rendered":"\n<p>Da ich diverse Massagetechniken gerne kombiniere, sind meine Preise nach Zeit gestaffelt und nicht nach Massagetechnik.<\/p>\n\n\n\n<p>25 Minuten Behandlung EUR 33,-<\/p>\n\n\n\n<p>50 Minuten Behandlung EUR 65,-<\/p>\n\n\n\n<h3 class=\"wp-block-heading\">Massage auf Knopfdruck im Pausenraum <\/h3>\n\n\n\n<p>Pausenraumnutzung inklusive Massageger\u00e4te (Massagesessel, Massageliege, mechanische Lymphdrainage, Infrarotlampe).<\/p>\n\n\n\n<p>Kennenlernangebot  25 Min 10 \u20ac \/ 50 Min 17\u20ac<\/p>\n\n\n\n<p>In Kombination mit einer Behandlung bei mir oder meine Kollegin -10%<\/p>\n\n\n\n<h3 class=\"wp-block-heading\">Gutscheine:<\/h3>\n\n\n\n<p>Selbstverst\u00e4ndlich k\u00f6nnen Sie alle angebotenen Behandlungen bei uns auch in Form von Gutscheinen erwerben. F\u00fcr Bestellungen bitten wir um kurze Kontaktaufnahme unter Tel. 0660 3488012 oder <a>office@corpo.at<\/a>. Konto Nr. Oberbank AT971500004351026291<\/p>\n\n\n\n<h3 class=\"wp-block-heading\">Kosten\u00fcbernahme:<\/h3>\n\n\n\n<p>eine Abrechung mit der Krankenkasse ist m\u00f6glich doch dazu ben\u00f6tigen Sie eine Zuweisung vom Arzt.<\/p>\n\n\n\n<p>Um mit Ihre Behandlung zu beginnen, ben\u00f6tigen sie eine \u00e4rztliche Verordnung von Ihrem Allgemeinmediziner, Facharzt oder Spitalsarzt. Diese Verordnung sollten Sie&nbsp;vor der Therapie chef\u00e4rztlich von Ihrer Krankenkasse bewilligen lassen (Dies ist pers\u00f6nlich, per Post, per Fax und auch per Email\/online m\u00f6glich).&nbsp;Sp\u00e4testens jedoch 2 Wochen nach Ausstellungsdatum, da danach die Verordnung ung\u00fcltig ist. Bitte die verordnug zu Ihrem Ersttermin mitbringen.<\/p>\n\n\n\n<p>Am Ende der Therapie senden Sie die erhaltene Rechnungen und die Verordnung an Ihrer Krankenkasse. Gem\u00e4\u00df den Tarifbestimmungen Ihrer Krankenkasse erhalten sie einen Teil Ihrer Therapiekosten zur\u00fcckerstattet.<\/p>\n\n\n\n<p>N\u00e4here Informationen erhalten Sie direkt bei Ihrer Krankenkasse.<br><br>WGKK-Informationsblatt: <a href=\"https:\/\/www.wgkk.at\/cdscontent\/load?contentid=10008.594861&amp;version=1484746036\" target=\"_blank\" rel=\"noreferrer noopener\">www.wgkk.at<\/a><\/p>\n\n\n\n<p>Wenn Sie zus\u00e4tzlich versichert sind haben Sie au\u00dferdem die M\u00f6glichkeit, einen weiteren Teil der Therapiekosten bei Ihrer Zusatzversicherung einzureichen.<\/p>\n\n\n\n<h3 class=\"wp-block-heading\">SVA Gesundheitshunderter<\/h3>\n\n\n\n<p><a href=\"https:\/\/www.svagw.at\/portal27\/svaportal\/content?contentid=10007.751244&amp;viewmode=content\" target=\"_blank\" rel=\"noopener\">https:\/\/www.svagw.at\/portal27\/svaportal\/content?contentid=10007.751244&amp;viewmode=content<\/a><\/p>\n","protected":false},"excerpt":{"rendered":"<p>Da ich diverse Massagetechniken gerne kombiniere, sind meine Preise nach Zeit gestaffelt und nicht nach Massagetechnik. 25 Minuten Behandlung EUR 33,- 50 Minuten Behandlung EUR 65,- Massage auf Knopfdruck im Pausenraum Pausenraumnutzung inklusive Massageger\u00e4te (Massagesessel, Massageliege, mechanische Lymphdrainage, Infrarotlampe). Kennenlernangebot 25 Min 10 \u20ac \/ 50 Min 17\u20ac In Kombination mit einer Behandlung bei mir oder meine Kollegin -10% Gutscheine: Selbstverst\u00e4ndlich k\u00f6nnen Sie alle angebotenen Behandlungen bei uns auch in Form von Gutscheinen erwerben. F\u00fcr Bestellungen bitten wir um kurze Kontaktaufnahme unter Tel. 0660 3488012 oder office@corpo.at. Konto Nr. Oberbank AT971500004351026291 Kosten\u00fcbernahme: eine Abrechung mit der Krankenkasse ist m\u00f6glich doch&#8230; <\/p>\n","protected":false},"author":1,"featured_media":0,"parent":0,"menu_order":0,"comment_status":"closed","ping_status":"closed","template":"template-no-sidebar.php","meta":{"footnotes":""},"class_list":["post-935","page","type-page","status-publish","hentry"],"_links":{"self":[{"href":"https:\/\/www.corpo.at\/corpo\/wp-json\/wp\/v2\/pages\/935","targetHints":{"allow":["GET"]}}],"collection":[{"href":"https:\/\/www.corpo.at\/corpo\/wp-json\/wp\/v2\/pages"}],"about":[{"href":"https:\/\/www.corpo.at\/corpo\/wp-json\/wp\/v2\/types\/page"}],"author":[{"embeddable":true,"href":"https:\/\/www.corpo.at\/corpo\/wp-json\/wp\/v2\/users\/1"}],"replies":[{"embeddable":true,"href":"https:\/\/www.corpo.at\/corpo\/wp-json\/wp\/v2\/comments?post=935"}],"version-history":[{"count":8,"href":"https:\/\/www.corpo.at\/corpo\/wp-json\/wp\/v2\/pages\/935\/revisions"}],"predecessor-version":[{"id":1471,"href":"https:\/\/www.corpo.at\/corpo\/wp-json\/wp\/v2\/pages\/935\/revisions\/1471"}],"wp:attachment":[{"href":"https:\/\/www.corpo.at\/corpo\/wp-json\/wp\/v2\/media?parent=935"}],"curies":[{"name":"wp","href":"https:\/\/api.w.org\/{rel}","templated":true}]}}